{"id":19,"date":"2026-02-10T19:51:04","date_gmt":"2026-02-10T19:51:04","guid":{"rendered":"https:\/\/estudioconecta.com.ar\/?page_id=19"},"modified":"2026-02-12T11:55:19","modified_gmt":"2026-02-12T14:55:19","slug":"landpage","status":"publish","type":"page","link":"https:\/\/estudioconecta.com.ar\/","title":{"rendered":"Quienes Somos"},"content":{"rendered":"\n<figure class=\"wp-block-image aligncenter size-large is-resized\"><img loading=\"lazy\" decoding=\"async\" width=\"1024\" height=\"476\" src=\"https:\/\/estudioconecta.com.ar\/wp-content\/uploads\/2026\/02\/ISOLOGO-1024x476.png\" alt=\"\" class=\"wp-image-12\" style=\"aspect-ratio:2.1513445903689807;width:361px;height:auto\" srcset=\"https:\/\/estudioconecta.com.ar\/wp-content\/uploads\/2026\/02\/ISOLOGO-1024x476.png 1024w, https:\/\/estudioconecta.com.ar\/wp-content\/uploads\/2026\/02\/ISOLOGO-300x139.png 300w, https:\/\/estudioconecta.com.ar\/wp-content\/uploads\/2026\/02\/ISOLOGO-768x357.png 768w, https:\/\/estudioconecta.com.ar\/wp-content\/uploads\/2026\/02\/ISOLOGO-1536x714.png 1536w, https:\/\/estudioconecta.com.ar\/wp-content\/uploads\/2026\/02\/ISOLOGO.png 1967w\" sizes=\"auto, (max-width: 1024px) 100vw, 1024px\" \/><\/figure>\n\n\n\n<p class=\"has-text-align-center has-large-font-size\">Somos una consultora de Recursos Humanos dedicada a acompa\u00f1ar a PyMEs en la gesti\u00f3n integral del talento, alineando los objetivos organizacionales con el desarrollo profesional de cada persona. <\/p>\n\n\n\n<p class=\"has-text-align-center has-large-font-size\">Ofrecemos servicios como reclutamiento y selecci\u00f3n, diagn\u00f3sticos organizacionales, capacitaci\u00f3n y acompa\u00f1amiento estrat\u00e9gico para fortalecer equipos y mejorar la cultura laboral.<\/p>\n\n\n\n<p class=\"has-text-align-center has-large-font-size\">Nuestro enfoque es humano, estrat\u00e9gico y orientado a resultados, generando procesos claros que impulsan el crecimiento sostenible de las organizaciones.<\/p>\n\n\n\n<p><\/p>\n","protected":false},"excerpt":{"rendered":"<p>Somos una consultora de Recursos Humanos dedicada a acompa\u00f1ar a PyMEs en la gesti\u00f3n integral del talento, alineando los objetivos organizacionales con el desarrollo profesional de cada persona. Ofrecemos servicios como reclutamiento y selecci\u00f3n, diagn\u00f3sticos organizacionales, capacitaci\u00f3n y acompa\u00f1amiento estrat\u00e9gico para fortalecer equipos y mejorar la cultura laboral. Nuestro enfoque es humano, estrat\u00e9gico y orientado [&hellip;]<\/p>\n","protected":false},"author":1,"featured_media":0,"parent":0,"menu_order":1,"comment_status":"closed","ping_status":"closed","template":"","meta":{"footnotes":""},"class_list":["post-19","page","type-page","status-publish","hentry"],"_links":{"self":[{"href":"https:\/\/estudioconecta.com.ar\/index.php?rest_route=\/wp\/v2\/pages\/19","targetHints":{"allow":["GET"]}}],"collection":[{"href":"https:\/\/estudioconecta.com.ar\/index.php?rest_route=\/wp\/v2\/pages"}],"about":[{"href":"https:\/\/estudioconecta.com.ar\/index.php?rest_route=\/wp\/v2\/types\/page"}],"author":[{"embeddable":true,"href":"https:\/\/estudioconecta.com.ar\/index.php?rest_route=\/wp\/v2\/users\/1"}],"replies":[{"embeddable":true,"href":"https:\/\/estudioconecta.com.ar\/index.php?rest_route=%2Fwp%2Fv2%2Fcomments&post=19"}],"version-history":[{"count":7,"href":"https:\/\/estudioconecta.com.ar\/index.php?rest_route=\/wp\/v2\/pages\/19\/revisions"}],"predecessor-version":[{"id":66,"href":"https:\/\/estudioconecta.com.ar\/index.php?rest_route=\/wp\/v2\/pages\/19\/revisions\/66"}],"wp:attachment":[{"href":"https:\/\/estudioconecta.com.ar\/index.php?rest_route=%2Fwp%2Fv2%2Fmedia&parent=19"}],"curies":[{"name":"wp","href":"https:\/\/api.w.org\/{rel}","templated":true}]}}