{"id":45,"date":"2026-02-10T22:21:18","date_gmt":"2026-02-10T22:21:18","guid":{"rendered":"https:\/\/estudioconecta.com.ar\/?page_id=45"},"modified":"2026-02-13T12:12:23","modified_gmt":"2026-02-13T15:12:23","slug":"servicios","status":"publish","type":"page","link":"https:\/\/estudioconecta.com.ar\/?page_id=45","title":{"rendered":"Servicios"},"content":{"rendered":"\n<h3 class=\"wp-block-heading has-text-align-center\">Servicios para Empresas<\/h3>\n\n\n\n<div class=\"wp-block-group is-nowrap is-layout-flex wp-container-core-group-is-layout-f66f9956 wp-block-group-is-layout-flex\"><\/div>\n\n\n\n<div class=\"wp-block-columns alignwide is-layout-flex wp-container-core-columns-is-layout-28f84493 wp-block-columns-is-layout-flex\">\n<div class=\"wp-block-column is-layout-flow wp-block-column-is-layout-flow\">\n<h4 class=\"wp-block-heading has-text-align-center\">Selecci\u00f3n de Personal<\/h4>\n\n\n\n<p class=\"has-text-align-center\">Acompa\u00f1amos a las organizaciones en la b\u00fasqueda y selecci\u00f3n de talento, identificando perfiles que no solo cumplan con los requisitos t\u00e9cnicos, sino que tambi\u00e9n se alineen a la cultura y valores de la empresa. Dise\u00f1amos procesos \u00e1giles, objetivos y estrat\u00e9gicos para garantizar incorporaciones exitosas.<\/p>\n<\/div>\n\n\n\n<div class=\"wp-block-column is-layout-flow wp-block-column-is-layout-flow\">\n<h4 class=\"wp-block-heading has-text-align-center\">Diagn\u00f3stico Organizacional<\/h4>\n\n\n\n<p class=\"has-text-align-center\">Realizamos un an\u00e1lisis integral de la estructura, din\u00e1mica y clima laboral de la organizaci\u00f3n, detectando oportunidades de mejora y fortalecimiento. Brindamos recomendaciones concretas para optimizar procesos, comunicaci\u00f3n interna y desempe\u00f1o de los equipos.<\/p>\n<\/div>\n<\/div>\n\n\n\n<div class=\"wp-block-group is-nowrap is-layout-flex wp-container-core-group-is-layout-f66f9956 wp-block-group-is-layout-flex\"><\/div>\n\n\n\n<div class=\"wp-block-columns alignwide is-layout-flex wp-container-core-columns-is-layout-28f84493 wp-block-columns-is-layout-flex\">\n<div class=\"wp-block-column is-layout-flow wp-block-column-is-layout-flow\">\n<h4 class=\"wp-block-heading has-text-align-center\">Acompa\u00f1amiento de Equipos de Trabajo<\/h4>\n\n\n\n<p class=\"has-text-align-center\">Facilitamos espacios de trabajo orientados a mejorar la comunicaci\u00f3n, la cohesi\u00f3n y la efectividad de los equipos. Promovemos el desarrollo de habilidades blandas y el alineamiento con los objetivos organizacionales para potenciar resultados.<\/p>\n<\/div>\n\n\n\n<div class=\"wp-block-column is-layout-flow wp-block-column-is-layout-flow\"><\/div>\n<\/div>\n\n\n\n<div class=\"wp-block-group is-nowrap is-layout-flex wp-container-core-group-is-layout-6c531013 wp-block-group-is-layout-flex\"><\/div>\n\n\n\n<h3 class=\"wp-block-heading has-text-align-center\">Servicios para Candidatos<\/h3>\n\n\n\n<div class=\"wp-block-group is-nowrap is-layout-flex wp-container-core-group-is-layout-f66f9956 wp-block-group-is-layout-flex\"><\/div>\n\n\n\n<div class=\"wp-block-columns alignwide is-layout-flex wp-container-core-columns-is-layout-28f84493 wp-block-columns-is-layout-flex\">\n<div class=\"wp-block-column is-layout-flow wp-block-column-is-layout-flow\">\n<h4 class=\"wp-block-heading has-text-align-center\">Optimizaci\u00f3n de CV<\/h4>\n\n\n\n<p class=\"has-text-align-center\">Asesoramos en la mejora estrat\u00e9gica de su curr\u00edculum vitae, destacando sus competencias, logros y propuesta de valor. Adaptamos el perfil a las demandas actuales del mercado laboral para aumentar sus oportunidades de inserci\u00f3n.<\/p>\n<\/div>\n\n\n\n<div class=\"wp-block-column is-layout-flow wp-block-column-is-layout-flow\">\n<h4 class=\"wp-block-heading has-text-align-center\">Entrenamiento para Entrevistas<\/h4>\n\n\n\n<p class=\"has-text-align-center\">Brindamos herramientas y simulaciones pr\u00e1cticas para que los candidatos afronten entrevistas laborales con mayor seguridad y claridad. Trabajamos en la comunicaci\u00f3n efectiva, el autoconocimiento y la preparaci\u00f3n estrat\u00e9gica para cada proceso de selecci\u00f3n.<\/p>\n<\/div>\n<\/div>\n\n\n\n<p><\/p>\n","protected":false},"excerpt":{"rendered":"<p>Servicios para Empresas Selecci\u00f3n de Personal Acompa\u00f1amos a las organizaciones en la b\u00fasqueda y selecci\u00f3n de talento, identificando perfiles que no solo cumplan con los requisitos t\u00e9cnicos, sino que tambi\u00e9n se alineen a la cultura y valores de la empresa. Dise\u00f1amos procesos \u00e1giles, objetivos y estrat\u00e9gicos para garantizar incorporaciones exitosas. Diagn\u00f3stico Organizacional Realizamos un an\u00e1lisis [&hellip;]<\/p>\n","protected":false},"author":1,"featured_media":0,"parent":0,"menu_order":2,"comment_status":"closed","ping_status":"closed","template":"","meta":{"footnotes":""},"class_list":["post-45","page","type-page","status-publish","hentry"],"_links":{"self":[{"href":"https:\/\/estudioconecta.com.ar\/index.php?rest_route=\/wp\/v2\/pages\/45","targetHints":{"allow":["GET"]}}],"collection":[{"href":"https:\/\/estudioconecta.com.ar\/index.php?rest_route=\/wp\/v2\/pages"}],"about":[{"href":"https:\/\/estudioconecta.com.ar\/index.php?rest_route=\/wp\/v2\/types\/page"}],"author":[{"embeddable":true,"href":"https:\/\/estudioconecta.com.ar\/index.php?rest_route=\/wp\/v2\/users\/1"}],"replies":[{"embeddable":true,"href":"https:\/\/estudioconecta.com.ar\/index.php?rest_route=%2Fwp%2Fv2%2Fcomments&post=45"}],"version-history":[{"count":7,"href":"https:\/\/estudioconecta.com.ar\/index.php?rest_route=\/wp\/v2\/pages\/45\/revisions"}],"predecessor-version":[{"id":124,"href":"https:\/\/estudioconecta.com.ar\/index.php?rest_route=\/wp\/v2\/pages\/45\/revisions\/124"}],"wp:attachment":[{"href":"https:\/\/estudioconecta.com.ar\/index.php?rest_route=%2Fwp%2Fv2%2Fmedia&parent=45"}],"curies":[{"name":"wp","href":"https:\/\/api.w.org\/{rel}","templated":true}]}}